{"id":6515,"date":"2021-11-22T00:06:35","date_gmt":"2021-11-21T22:06:35","guid":{"rendered":"https:\/\/www.cegla.de\/company\/careers"},"modified":"2025-02-25T10:56:40","modified_gmt":"2025-02-25T09:56:40","slug":"careers","status":"publish","type":"page","link":"https:\/\/www.cegla.de\/en\/company\/careers\/","title":{"rendered":"Careers"},"content":{"rendered":"<p>[et_pb_section fb_built=&#8221;1&#8243; custom_padding_last_edited=&#8221;on|desktop&#8221; module_class=&#8221;valign-center-section&#8221; _builder_version=&#8221;4.18.0&#8243; use_background_color_gradient=&#8221;on&#8221; background_color_gradient_direction=&#8221;90deg&#8221; background_color_gradient_stops=&#8221;rgba(86,86,86,0.1) 0%|rgba(0,0,0,0.05) 100%&#8221; background_color_gradient_overlays_image=&#8221;on&#8221; background_color_gradient_start=&#8221;rgba(86,86,86,0.1)&#8221; background_color_gradient_end=&#8221;rgba(0,0,0,0.05)&#8221; background_image=&#8221;https:\/\/www.cegla.de\/wp-content\/uploads\/2024\/04\/header-karriere-1920.jpg&#8221; height_tablet=&#8221;&#8221; height_phone=&#8221;&#8221; height_last_edited=&#8221;on|desktop&#8221; custom_padding=&#8221;0px||0px||false|false&#8221; custom_padding_tablet=&#8221;0px||0px||false|false&#8221; custom_padding_phone=&#8221;0px||0px||false|false&#8221; saved_tabs=&#8221;all&#8221; locked=&#8221;off&#8221; global_colors_info=&#8221;{}&#8221;][et_pb_row _builder_version=&#8221;4.16&#8243; custom_margin=&#8221;10vw||10vw||false|false&#8221; custom_margin_tablet=&#8221;&#8221; custom_margin_phone=&#8221;&#8221; custom_margin_last_edited=&#8221;on|tablet&#8221; custom_padding=&#8221;2vw||2vw||false|false&#8221; custom_padding_tablet=&#8221;3vw||3vw||false|false&#8221; custom_padding_phone=&#8221;5vw||5vw||false|false&#8221; locked=&#8221;off&#8221; global_colors_info=&#8221;{}&#8221;][et_pb_column type=&#8221;4_4&#8243; _builder_version=&#8221;4.16&#8243; pac_dcm_carousel_specific_module_num=&#8221;0&#8243; global_colors_info=&#8221;{}&#8221;][et_pb_text _builder_version=&#8221;4.18.0&#8243; header_font=&#8221;|600|||||||&#8221; header_text_color=&#8221;#ffffff&#8221; header_font_size=&#8221;4vw&#8221; header_line_height=&#8221;4vw&#8221; header_font_size_tablet=&#8221;5vw&#8221; header_font_size_phone=&#8221;6vw&#8221; header_font_size_last_edited=&#8221;on|desktop&#8221; header_line_height_tablet=&#8221;5vw&#8221; header_line_height_phone=&#8221;6vw&#8221; header_line_height_last_edited=&#8221;on|phone&#8221; header_text_shadow_style=&#8221;preset2&#8243; header_text_shadow_horizontal_length=&#8221;0.04em&#8221; header_text_shadow_vertical_length=&#8221;0.04em&#8221; header_text_shadow_color=&#8221;rgba(0,0,0,0.1)&#8221; locked=&#8221;off&#8221; global_colors_info=&#8221;{}&#8221;]<\/p>\n<h1>Welcome to #teamcegla<\/h1>\n<p>[\/et_pb_text][\/et_pb_column][\/et_pb_row][\/et_pb_section][et_pb_section fb_built=&#8221;1&#8243; _builder_version=&#8221;4.16&#8243; custom_padding_tablet=&#8221;0px||||false|false&#8221; custom_padding_phone=&#8221;0px||||false|false&#8221; locked=&#8221;off&#8221; global_colors_info=&#8221;{}&#8221;][et_pb_row column_structure=&#8221;1_4,3_4&#8243; _builder_version=&#8221;4.16&#8243; global_colors_info=&#8221;{}&#8221;][et_pb_column type=&#8221;1_4&#8243; _builder_version=&#8221;4.16&#8243; pac_dcm_carousel_specific_module_num=&#8221;0&#8243; global_colors_info=&#8221;{}&#8221;][et_pb_text disabled_on=&#8221;on|off|off&#8221; module_class=&#8221;pagenavi&#8221; _builder_version=&#8221;4.25.2&#8243; text_font=&#8221;|700|||||||&#8221; text_text_color=&#8221;#666666&#8243; text_font_size=&#8221;15px&#8221; text_line_height=&#8221;2.2em&#8221; header_4_font=&#8221;|600|||||||&#8221; header_4_text_color=&#8221;#164194&#8243; header_4_line_height=&#8221;1.6em&#8221; custom_padding=&#8221;||||false|false&#8221; locked=&#8221;off&#8221; global_colors_info=&#8221;{}&#8221;]<\/p>\n<h4>Company<\/h4>\n<ul>\n<li><a href=\"https:\/\/www.cegla.de\/en\/company\/about-us\/\">About Us<\/li>\n<li><a href=\"https:\/\/www.cegla.de\/en\/company\/company-history\/\">Company History<\/a><\/li>\n<li><a href=\"https:\/\/www.cegla.de\/en\/company\/team\/\">Team<\/a><\/li>\n<li><a href=\"https:\/\/www.cegla.de\/en\/company\/medical-advisor\/\">Medical Advisor<\/a><\/li>\n<li class=\"activ\">Careers<\/a><\/li>\n<\/ul>\n<p>[\/et_pb_text][\/et_pb_column][et_pb_column type=&#8221;3_4&#8243; _builder_version=&#8221;4.16&#8243; pac_dcm_carousel_specific_module_num=&#8221;0&#8243; global_colors_info=&#8221;{}&#8221;][et_pb_text _builder_version=&#8221;4.16&#8243; custom_margin=&#8221;||||false|false&#8221; custom_margin_tablet=&#8221;||20px||false|false&#8221; custom_margin_phone=&#8221;||10px||false|false&#8221; custom_margin_last_edited=&#8221;on|desktop&#8221; locked=&#8221;off&#8221; global_colors_info=&#8221;{}&#8221;]<\/p>\n<h1>Careers at CEGLA Medizintechnik<\/h1>\n<p>[\/et_pb_text][et_pb_text _builder_version=&#8221;4.16&#8243; text_font=&#8221;|600|||||||&#8221; text_text_color=&#8221;rgba(0,0,0,0.7)&#8221; text_font_size=&#8221;22px&#8221; header_2_line_height=&#8221;1.7em&#8221; text_font_size_tablet=&#8221;20px&#8221; text_font_size_phone=&#8221;18px&#8221; text_font_size_last_edited=&#8221;on|desktop&#8221; locked=&#8221;off&#8221; global_colors_info=&#8221;{}&#8221;]\u201cBreathe easy for those afflicted with respiratory diseases\u201d is the goal of CEGLA Medizintechnik. The family business has been active on the market since 1982 and is located in Montabaur.[\/et_pb_text][et_pb_text _builder_version=&#8221;4.16&#8243; locked=&#8221;off&#8221; global_colors_info=&#8221;{}&#8221;]<\/p>\n<p>We sell medical devices worldwide for use with respiratory diseases. Thanks to our high-quality products, we are market leaders in the areas of respiratory therapy and inhalation technology in Germany. Are you interested in working for a flexible, dynamic company, being responsible for diverse tasks as a representative to our customers? Are customer service, competence, reliability and friendliness your assets?<\/p>\n<p>[\/et_pb_text][et_pb_toggle title=&#8221;Account-Manager (m\/w\/d)&#8221; open_toggle_background_color=&#8221;#ffffff&#8221; closed_toggle_background_color=&#8221;#ffffff&#8221; icon_color=&#8221;#164194&#8243; open_icon_color=&#8221;#164194&#8243; disabled_on=&#8221;on|on|on&#8221; _builder_version=&#8221;4.16&#8243; _module_preset=&#8221;default&#8221; title_text_color=&#8221;#164194&#8243; title_font=&#8221;|600|||||||&#8221; title_font_size=&#8221;20px&#8221; custom_padding=&#8221;15px||15px|20px|false|false&#8221; custom_css_toggle_content=&#8221;padding-top: 5px;&#8221; disabled=&#8221;on&#8221; locked=&#8221;off&#8221; global_colors_info=&#8221;{}&#8221;]<\/p>\n<h5>f\u00fcr die Region D-Nord\/West (bevorzugt PLZ 2, 4 + 5)<\/h5>\n<p>CEGLA Medizintechnik ist Pionier in der Atemtherapie. Wir helfen leichter zu atmen und entwickeln daf\u00fcr eigene Produkte. Gegr\u00fcndet 1982 sind wir heute mit f\u00fchrend in der Behandlung von Atemwegserkrankungen und von unserem Standort in Montabaur (Rheinland-Pfalz) aus weltweit aktiv.<\/p>\n<p>F\u00fcr unser Vertriebsteam suchen wir eine motivierte und engagierte Verst\u00e4rkung. Wenn Sie Freude an einem dynamischen Unternehmen auf Wachstumskurs haben und Verantwortung \u00fcbernehmen wollen, sollten wir uns kennenlernen.<\/p>\n<p><strong>Ihr Aufgabengebiet umfasst:<\/strong><\/p>\n<ul>\n<li>Die Neuakquise und Betreuung von nationalen Kunden. Dazu geh\u00f6ren pneumologisch\/kardiologisch\/p\u00e4diatrisch spezialisierte \u00c4rzte, medizinische Fachangestellte (MFA) und Physiotherapeuten in Gemeinschaftspraxen (MVZ), Krankenh\u00e4user und Lungenkliniken (mit Schwerpunkt Pneumologie, Innere Medizin, Schlaf-\/Beatmungsmedizin, Thoraxchirurgie, Geriatrie) sowie freie Therapeuten, Medizintechniker und Sanit\u00e4tsh\u00e4user.<\/li>\n<li>Pers\u00f6nliche und digitale Schulungen mit den Schwerpunkten Medizinprodukte, Hygiene- und Qualit\u00e4tsmanagement. Diese k\u00f6nnen online wie auch mit Reiset\u00e4tigkeiten verbunden sein, entsprechend der aktuellen Kundenw\u00fcnsche.<\/li>\n<li>Planung, aktive Teilnahme und Nachbereitung an Messen, Tagungen und Kongressen.<\/li>\n<\/ul>\n<p><strong>Diese Qualifikationen sind uns wichtig:<\/strong><\/p>\n<ul>\n<li>Sie haben langj\u00e4hrige Vertriebserfahrung von Medizinprodukten.<\/li>\n<li>Sie m\u00f6gen den direkten Kontakt mit Menschen und sind gerne unterwegs.<\/li>\n<li>Sie k\u00f6nnen sich hervorragend selbst organisieren und sch\u00e4tzen effizientes Arbeiten.<\/li>\n<li>Sie sind sicher im Umgang mit den g\u00e4ngigen EDV-Anwendungen (u. a. Microsoft Office).<\/li>\n<li>Zuverl\u00e4ssigkeit und Abschlussf\u00e4higkeit geh\u00f6ren zu Ihren besonderen St\u00e4rken.<\/li>\n<\/ul>\n<p><strong>Das d\u00fcrfen Sie von uns erwarten:<\/strong><\/p>\n<ul>\n<li>Ein offenes Umfeld und viel Freiraum f\u00fcr die Gestaltung und Organisation.<\/li>\n<li>Flache Hierarchien und Dialog auf Augenh\u00f6he.<\/li>\n<li>Firmenwagen mit Privatnutzung (1%-Regelung), Laptop und Smartphone.<\/li>\n<li>Sympathische Kollegen und Kolleginnen, die sich auf Sie freuen.<\/li>\n<\/ul>\n<p><strong>Ihre Bewerbung senden sie bitte an:<\/strong><\/p>\n<p>CEGLA Medizintechnik<br \/>Bianca Reusch<br \/>Horresser Berg 1<br \/>56410 Montabaur<br \/><a href=\"mailto:Bia&#110;ca.Reusch&#64;&#99;egl&#97;.de\">&#66;&#105;a&#110;&#99;&#97;&#46;&#82;&#101;usch&#64;&#99;eg&#108;a&#46;&#100;e<\/a><\/p>\n<p>[\/et_pb_toggle][et_pb_toggle title=&#8221;Client Relations Manager (m\/w\/d)&#8221; open_toggle_background_color=&#8221;#ffffff&#8221; closed_toggle_background_color=&#8221;#ffffff&#8221; icon_color=&#8221;#164194&#8243; open_icon_color=&#8221;#164194&#8243; disabled_on=&#8221;on|on|on&#8221; _builder_version=&#8221;4.16&#8243; _module_preset=&#8221;default&#8221; title_text_color=&#8221;#164194&#8243; title_font=&#8221;|600|||||||&#8221; title_font_size=&#8221;20px&#8221; custom_padding=&#8221;15px||15px|20px|false|false&#8221; custom_css_toggle_content=&#8221;padding-top: 5px;&#8221; disabled=&#8221;on&#8221; locked=&#8221;off&#8221; global_colors_info=&#8221;{}&#8221;]<\/p>\n<p style=\"padding-top: 0.5em;\">CEGLA Medizintechnik ist Pionier in der Atemtherapie. Wir helfen leichter zu atmen und entwickeln daf\u00fcr eigene Produkte. Gegr\u00fcndet 1982, sind wir heute mit f\u00fchrend in der Behandlung von Atemwegserkrankungen und von unserem Standort in Montabaur (Rheinland-Pfalz) aus weltweit aktiv.<\/p>\n<p>Wir suchen zum n\u00e4chstm\u00f6glichen Zeitpunkt Verst\u00e4rkung f\u00fcr unser Client Relations Team. Er\/sie hat die Aufgabe diesen Bereich mit zu entwickeln, insbesondere in Bezug auf die erfolgreiche digitale Transformation. Wenn Sie Interesse an einem dynamischen Unternehmen auf Wachstumskurs haben und ein l\u00f6sungsorientierter, proaktiver Mensch sind, der Freude an dem Miteinander in einem kleinen agilen Team hat, sollten wir uns kennenlernen.<\/p>\n<p><strong>Ihr Aufgabengebiet umfasst:<\/strong><\/p>\n<ul>\n<li>Sie sind verantwortlich f\u00fcr den Aufbau und die Pflege langfristiger Kundenbeziehungen und k\u00fcmmern sich um die Anliegen unserer Kunden B2B und B2C \u2013 von der Auftragserfassung \u00fcber die Beratung bis zum Beschwerdemanagement<\/li>\n<li>Sie kommunizieren kanal\u00fcbergreifend on- wie offline und sorgen mit daf\u00fcr, dass unsere nationalen und internationalen Kunden gerne mit uns zusammenarbeiten<\/li>\n<li>F\u00fcr die Kollegen im Au\u00dfendienst sind Sie Kompetenzpartner und unterst\u00fctzen aktiv, dabei sind gerne Bindeglied und Ansprechpartner zu den anderen Abteilungen im Unternehmen<\/li>\n<li>Sie arbeiten eng mit den Kollegen aus den Bereichen Einkauf, Versand und Lager zusammen und sichern die Artikelverf\u00fcgbarkeit<\/li>\n<\/ul>\n<p><strong>Diese Qualifikationen sind uns wichtig:<\/strong><\/p>\n<ul>\n<li>Sie sind ein ausgezeichneter Kommunikator und in der Lage Kundenbed\u00fcrfnisse schnell zu erfassen und Wege f\u00fcr deren Erf\u00fcllung zu finden<\/li>\n<li>Mehrj\u00e4hrige Erfahrung im Kundenservice und eine dienstleistungsorientierte Haltung<\/li>\n<li>Verst\u00e4ndnis und Affinit\u00e4t f\u00fcr strukturierte Prozesse sowie Kenntnisse und der digitalen Handelsplattformen und sozialen Kan\u00e4le<\/li>\n<li>Sicherer Umgang mit dem Office-System (Word, PowerPoint, Excel, Teams), vorzugsweise auch mit Warenwirtschaftssystemen<\/li>\n<li>Agilit\u00e4t und Flexibilit\u00e4t, hohe Auffassungsgabe und schnelles Umsetzen von neuen Themen in sich wandelnden M\u00e4rkten<\/li>\n<li>Proaktives, l\u00f6sungsorientiertes Denken und Handeln sowie die Bereitschaft die Kollegen in Auslastungsspitzen zu unterst\u00fctzen<\/li>\n<li>Affinit\u00e4t zu Gesundheitsthemen und das Bed\u00fcrfnis insbesondere die Atmung vertieft zu verstehen<\/li>\n<\/ul>\n<p><strong>Und das d\u00fcrfen Sie von uns erwarten:<\/strong><\/p>\n<ul>\n<li>Ein offenes Umfeld mit viel Freiraum f\u00fcr die eigenst\u00e4ndige Gestaltung und Organisation sowie eine gute Work-Life-Balance<\/li>\n<li>Festanstellung in einem zukunftsorientierten, innovativen und ideenreichen Unternehmen mit einer attraktiven und leistungsorientierten Verg\u00fctung<\/li>\n<li>Flache Hierarchien und Dialog auf Augenh\u00f6he, regelm\u00e4\u00dfiger Austausch und Wissenstransfer<\/li>\n<li>F\u00f6rderung der fachlichen und pers\u00f6nlichen Entwicklung mit in- und externen Schulungen<\/li>\n<li>Hilfsbereite, sympathische Kollegen und Kolleginnen, die sich auf Sie freuen<\/li>\n<\/ul>\n<p><strong>Ihre Bewerbung senden sie bitte an:<\/strong><\/p>\n<p>CEGLA Medizintechnik<br \/>Bianca Reusch<br \/>Horresser Berg 1<br \/>56410 Montabaur<br \/><a href=\"mailto:&#66;ia&#110;&#99;a&#46;Re&#117;s&#99;h&#64;c&#101;gla&#46;&#100;&#101;\">B&#105;&#97;nc&#97;.Re&#117;sc&#104;&#64;&#99;e&#103;l&#97;&#46;&#100;&#101;<\/a><\/p>\n<p>[\/et_pb_toggle][et_pb_toggle title=&#8221;Projektmanagement Einkauf\/Beschaffung (m\/w\/d)&#8221; open_toggle_background_color=&#8221;#ffffff&#8221; closed_toggle_background_color=&#8221;#ffffff&#8221; icon_color=&#8221;#164194&#8243; open_icon_color=&#8221;#164194&#8243; disabled_on=&#8221;on|on|on&#8221; _builder_version=&#8221;4.16&#8243; _module_preset=&#8221;default&#8221; title_text_color=&#8221;#164194&#8243; title_font=&#8221;|600|||||||&#8221; title_font_size=&#8221;20px&#8221; custom_padding=&#8221;15px||15px|20px|false|false&#8221; custom_css_toggle_content=&#8221;padding-top: 5px;&#8221; disabled=&#8221;on&#8221; locked=&#8221;off&#8221; global_colors_info=&#8221;{}&#8221;]<\/p>\n<p style=\"padding-top: 0.5em;\">CEGLA Medizintechnik ist Pionier in der Atemtherapie. Wir helfen leichter zu atmen und entwickeln daf\u00fcr eigene Produkte. Gegr\u00fcndet 1982, sind wir heute mit f\u00fchrend in der Behandlung von Atemwegserkrankungen und von unserem Standort in Montabaur (Rheinland-Pfalz) aus weltweit aktiv.<\/p>\n<p>Wir suchen zum n\u00e4chstm\u00f6glichen Zeitpunkt eine\/n Teamplayer*in f\u00fcr unsere Beschaffung \u2013 mit der Perspektive diesen Bereich eigenst\u00e4ndig zu verantworten und zu entwickeln. Wenn Sie Freude an einem dynamischen Unternehmen auf Wachstumskurs und Spa\u00df an dem Miteinander in einem kleinen, agilen Team haben, sollten wir uns kennenlernen.<\/p>\n<p><strong>Ihr Aufgabengebiet umfasst:<\/strong><\/p>\n<ul>\n<li>Nach dem Onboarding \u00fcbernehmen Sie eigenst\u00e4ndig die Beschaffung f\u00fcr unser Unternehmen<\/li>\n<li>Schwerpunkt ist der Einkauf f\u00fcr unsere Medizinprodukte inkl. Verpackungen und Kommunikationsmaterialien sowie internen Bedarf (abteilungs\u00fcbergreifend)<\/li>\n<li>Das Beziehungsmanagement mit der Pflege unser guten Lieferantenkontakte sowie der Ausschreibung, Auswahl und Aufbau neuer Partner<\/li>\n<li>Projektplanung mit Zeit- und Kostenmanagement sowie der Datenpflege in unserem Warenwirtschaftssystem<\/li>\n<\/ul>\n<p><strong>Diese Qualifikationen sind uns wichtig:<\/strong><\/p>\n<ul>\n<li>Qualifizierte kaufm\u00e4nnische Ausbildung mit mind. 3 Jahren Berufserfahrung in der eigenverantwortlichen Planung und Steuerung von Beschaffungsprozessen, inkl. Termin- und Kostenmanagement<\/li>\n<li>Versierter Umgang mit dem Office-System (Word, PowerPoint, Excel, Teams), Verst\u00e4ndnis und Affinit\u00e4t f\u00fcr strukturierte Prozesse sowie Kenntnisse in Warenwirtschaftssystemen<\/li>\n<li>Perfektes Deutsch und flie\u00dfendes Englisch, weitere Fremdsprachenkenntnisse sind von Vorteil<\/li>\n<li>Zuverl\u00e4ssigkeit und Selbstorganisation, Agilit\u00e4t und Flexibilit\u00e4t, hohe Auffassungsgabe und schnelles Umsetzen von neuen Themen<\/li>\n<li>Proaktives, l\u00f6sungsorientiertes Denken und Handeln sowie die Bereitschaft die Kollegen in Auslastungsspitzen zu unterst\u00fctzen<\/li>\n<\/ul>\n<p><strong>Und das d\u00fcrfen Sie von uns erwarten:<\/strong><\/p>\n<ul>\n<li>Ein offenes Umfeld mit viel Freiraum f\u00fcr die eigenst\u00e4ndige Gestaltung und Organisation sowie eine gute Work-Life-Balance<\/li>\n<li>Festanstellung in einem zukunftsorientierten, innovativen und ideenreichen Unternehmen mit einer attraktiven und leistungsorientierten Verg\u00fctung<\/li>\n<li>Flache Hierarchien und Dialog auf Augenh\u00f6he, regelm\u00e4\u00dfiger Austausch und Wissenstransfer<\/li>\n<li>F\u00f6rderung der fachlichen und pers\u00f6nlichen Entwicklung mit in- und externen Schulungen<\/li>\n<li>Hilfsbereite, sympathische Kollegen und Kolleginnen, die sich auf Sie freuen<\/li>\n<\/ul>\n<p><strong>Ihre Bewerbung senden sie bitte an:<\/strong><\/p>\n<p>CEGLA Medizintechnik<br \/>Bianca Reusch<br \/>Horresser Berg 1<br \/>56410 Montabaur<br \/><a href=\"mailto:Bia&#110;&#99;a&#46;&#82;&#101;us&#99;h&#64;&#99;&#101;gl&#97;.&#100;e\">&#66;&#105;&#97;n&#99;a.Re&#117;s&#99;h&#64;&#99;e&#103;l&#97;&#46;de<\/a><\/p>\n<p>[\/et_pb_toggle][et_pb_toggle title=&#8221;Lagerkraft (m\/w\/d) in Teilzeit&#8221; open_toggle_background_color=&#8221;#ffffff&#8221; closed_toggle_background_color=&#8221;#ffffff&#8221; icon_color=&#8221;#164194&#8243; open_icon_color=&#8221;#164194&#8243; disabled_on=&#8221;on|on|on&#8221; _builder_version=&#8221;4.16&#8243; _module_preset=&#8221;default&#8221; title_text_color=&#8221;#164194&#8243; title_font=&#8221;|600|||||||&#8221; title_font_size=&#8221;20px&#8221; custom_padding=&#8221;15px||15px|20px|false|false&#8221; custom_css_toggle_content=&#8221;padding-top: 5px;&#8221; disabled=&#8221;on&#8221; locked=&#8221;off&#8221; global_colors_info=&#8221;{}&#8221;]<\/p>\n<h5>Lager, Versand und Produktion<\/h5>\n<p>CEGLA Medizintechnik ist Pionier in der Atemtherapie. Wir helfen leichter zu atmen und entwickeln daf\u00fcr eigene Produkte. Gegr\u00fcndet 1982 sind wir heute mit f\u00fchrend in der Behandlung von Atemwegserkrankungen und von unserem Standort in Montabaur (Rheinland-Pfalz) aus weltweit aktiv.<\/p>\n<p>F\u00fcr unser Team suchen wir eine motivierte und engagierte Verst\u00e4rkung. Wenn Sie Freude an einem dynamischen Unternehmen auf Wachstumskurs haben und Verantwortung \u00fcbernehmen wollen, sollten wir uns kennenlernen.<\/p>\n<p><strong>Diese Qualifikationen sind uns wichtig:<\/strong><\/p>\n<ul>\n<li>Sie haben idealerweise Berufserfahrung in den Bereichen Lager und Produktion<\/li>\n<li>Sie k\u00f6nnen mit einer F\u00f6rderameise umgehen<\/li>\n<li>Sie k\u00f6nnen sich und Ihre Aufgaben gut organisieren<\/li>\n<li>Sie sind flexibel und belastbar in Ihren Arbeitsbereichen<\/li>\n<li>Sie sind h\u00f6chst zuverl\u00e4ssig und leistungsbereit<\/li>\n<\/ul>\n<p><strong>Das d\u00fcrfen Sie von uns erwarten:<\/strong><\/p>\n<ul>\n<li>Eine attraktive, leistungsgerechte Verg\u00fctung mit guter Work-Life-Balance<\/li>\n<li>Eine Festanstellung in einem krisensicheren und hocheffizienten Unternehmen<\/li>\n<li>Flexible und dynamische Arbeitsteams<\/li>\n<li>Pers\u00f6nliche und fachliche Weiterentwicklung<\/li>\n<li>Sympathische Kollegen und Kolleginnen, die sich auf Sie freuen<\/li>\n<\/ul>\n<p><strong>Ihre Bewerbung senden sie bitte an:<\/strong><\/p>\n<p>CEGLA Medizintechnik<br \/>Bianca Reusch<br \/>Horresser Berg 1<br \/>56410 Montabaur<br \/><a href=\"mailto:&#66;&#105;&#97;&#110;c&#97;.R&#101;&#117;&#115;&#99;&#104;&#64;&#99;e&#103;&#108;&#97;&#46;de\">&#66;&#105;&#97;n&#99;a.&#82;eus&#99;h&#64;c&#101;g&#108;a&#46;de<\/a><\/p>\n<p>[\/et_pb_toggle][et_pb_text disabled_on=&#8221;off|off|off&#8221; _builder_version=&#8221;4.27.4&#8243; hover_enabled=&#8221;0&#8243; locked=&#8221;off&#8221; global_colors_info=&#8221;{}&#8221; sticky_enabled=&#8221;0&#8243;]<strong>Please feel free to send us your CV for future reference:<\/strong><\/p>\n<p>CEGLA Medizintechnik GmbH &amp; Co. KG<br \/>\nAttn: Petra Gentsch-Kutschheit<br \/>\nHorresser Berg 1<br \/>\n56410 Montabaur, Germany<br \/>\n<a href=\"mailto:&#104;r&#64;c&#101;g&#108;a&#46;d&#101;\">hr&#64;&#99;&#101;gl&#97;.&#100;&#101;<\/a><br \/>\nTelephone: (+49) 2602-92130[\/et_pb_text][et_pb_divider color=&#8221;rgba(0,0,0,0.2)&#8221; disabled_on=&#8221;on|on|on&#8221; _builder_version=&#8221;4.16&#8243; disabled=&#8221;on&#8221; locked=&#8221;off&#8221; global_colors_info=&#8221;{}&#8221;][\/et_pb_divider][\/et_pb_column][\/et_pb_row][\/et_pb_section]<\/p>\n","protected":false},"excerpt":{"rendered":"<p>Welcome to #teamceglaCompany About Us Company History Team Medical Advisor Careers Careers at CEGLA Medizintechnik\u201cBreathe easy for those afflicted with respiratory diseases\u201d is the goal of CEGLA Medizintechnik. The family business has been active on the market since 1982 and is located in Montabaur.We sell medical devices worldwide for use with respiratory diseases. Thanks to [&hellip;]<\/p>\n","protected":false},"author":1,"featured_media":0,"parent":5901,"menu_order":4,"comment_status":"closed","ping_status":"closed","template":"","meta":{"_acf_changed":false,"_et_pb_use_builder":"on","_et_pb_old_content":"","_et_gb_content_width":"","footnotes":""},"class_list":["post-6515","page","type-page","status-publish","hentry"],"acf":[],"_links":{"self":[{"href":"https:\/\/www.cegla.de\/en\/wp-json\/wp\/v2\/pages\/6515","targetHints":{"allow":["GET"]}}],"collection":[{"href":"https:\/\/www.cegla.de\/en\/wp-json\/wp\/v2\/pages"}],"about":[{"href":"https:\/\/www.cegla.de\/en\/wp-json\/wp\/v2\/types\/page"}],"author":[{"embeddable":true,"href":"https:\/\/www.cegla.de\/en\/wp-json\/wp\/v2\/users\/1"}],"replies":[{"embeddable":true,"href":"https:\/\/www.cegla.de\/en\/wp-json\/wp\/v2\/comments?post=6515"}],"version-history":[{"count":3,"href":"https:\/\/www.cegla.de\/en\/wp-json\/wp\/v2\/pages\/6515\/revisions"}],"predecessor-version":[{"id":14800,"href":"https:\/\/www.cegla.de\/en\/wp-json\/wp\/v2\/pages\/6515\/revisions\/14800"}],"up":[{"embeddable":true,"href":"https:\/\/www.cegla.de\/en\/wp-json\/wp\/v2\/pages\/5901"}],"wp:attachment":[{"href":"https:\/\/www.cegla.de\/en\/wp-json\/wp\/v2\/media?parent=6515"}],"curies":[{"name":"wp","href":"https:\/\/api.w.org\/{rel}","templated":true}]}}